{"id":4310,"date":"2025-11-14T09:43:40","date_gmt":"2025-11-14T13:43:40","guid":{"rendered":"https:\/\/sageplanfinance.ca\/fr\/?page_id=4310"},"modified":"2025-11-14T09:48:06","modified_gmt":"2025-11-14T13:48:06","slug":"larticle","status":"publish","type":"page","link":"https:\/\/sageplanfinance.ca\/fr\/larticle\/","title":{"rendered":"L\u2019article"},"content":{"rendered":"\t\t<div data-elementor-type=\"wp-page\" data-elementor-id=\"4310\" class=\"elementor elementor-4310\">\n\t\t\t\t<div class=\"elementor-element elementor-element-329cf45 e-con-full e-flex e-con e-parent\" data-id=\"329cf45\" data-element_type=\"container\" data-e-type=\"container\" data-settings=\"{&quot;background_background&quot;:&quot;classic&quot;}\">\n\t\t\t\t<div class=\"elementor-element elementor-element-ba69942 elementor-widget elementor-widget-heading\" data-id=\"ba69942\" data-element_type=\"widget\" data-e-type=\"widget\" data-widget_type=\"heading.default\">\n\t\t\t\t<div class=\"elementor-widget-container\">\n\t\t\t\t\t<h2 class=\"elementor-heading-title elementor-size-default\">Actualit\u00e9s &amp; Articles<\/h2>\t\t\t\t<\/div>\n\t\t\t\t<\/div>\n\t\t\t\t<\/div>\n\t\t<div class=\"elementor-element elementor-element-ba860bd e-flex e-con-boxed e-con e-parent\" data-id=\"ba860bd\" data-element_type=\"container\" data-e-type=\"container\">\n\t\t\t\t\t<div class=\"e-con-inner\">\n\t\t\t\t<div class=\"elementor-element elementor-element-60d22a7 elementor-grid-eael-col-3 elementor-grid-tablet-eael-col-2 elementor-grid-mobile-eael-col-1 elementor-widget elementor-widget-eael-post-grid\" data-id=\"60d22a7\" data-element_type=\"widget\" data-e-type=\"widget\" data-settings=\"{&quot;eael_post_grid_columns&quot;:&quot;eael-col-3&quot;,&quot;eael_post_grid_columns_tablet&quot;:&quot;eael-col-2&quot;,&quot;eael_post_grid_columns_mobile&quot;:&quot;eael-col-1&quot;}\" data-widget_type=\"eael-post-grid.default\">\n\t\t\t\t<div class=\"elementor-widget-container\">\n\t\t\t\t\t<div id=\"eael-post-grid-60d22a7\" class=\"eael-post-grid-container\">\n            <div class=\"eael-post-grid eael-post-appender eael-post-appender-60d22a7 eael-post-grid-style-default\" data-layout-mode=\"grid\"><article class=\"eael-grid-post eael-post-grid-column eael-pg-post-3112 category-assurance-placements-planification-de-la-retraite-planification-financiere\" data-id=\"3112\">\n        <div class=\"eael-grid-post-holder\">\n            <div class=\"eael-grid-post-holder-inner\"><div class=\"eael-entry-wrapper\"><header class=\"eael-entry-header\"><h2 class=\"eael-entry-title\"><a\n                        class=\"eael-grid-post-link\"\n                        href=\"https:\/\/sageplanfinance.ca\/fr\/creer-un-plan-financier-un-guide-etape-par-etape-pour-securiser-votre-avenir\/\"\n                        title=\"Cr\u00e9er un plan financier : un guide \u00e9tape par \u00e9tape pour s\u00e9curiser votre avenir\">Cr\u00e9er un plan financier : un guide \u00e9tape par \u00e9tape pour s\u00e9curiser votre avenir<\/a><\/h2><\/header><div class=\"eael-entry-content\">\n                        <div class=\"eael-grid-post-excerpt\"><p>Cr\u00e9er un plan financier : Un guide \u00e9tape par \u00e9tape...<\/p><a href=\"https:\/\/sageplanfinance.ca\/fr\/creer-un-plan-financier-un-guide-etape-par-etape-pour-securiser-votre-avenir\/\" class=\"eael-post-elements-readmore-btn\">Read More<\/a><\/div>\n                    <\/div><\/div><\/div>\n        <\/div>\n    <\/article><article class=\"eael-grid-post eael-post-grid-column eael-pg-post-3107 category-planification-financiere-planification-fiscale\" data-id=\"3107\">\n        <div class=\"eael-grid-post-holder\">\n            <div class=\"eael-grid-post-holder-inner\"><div class=\"eael-entry-wrapper\"><header class=\"eael-entry-header\"><h2 class=\"eael-entry-title\"><a\n                        class=\"eael-grid-post-link\"\n                        href=\"https:\/\/sageplanfinance.ca\/fr\/comprendre-le-revenu-moyen-de-la-psv-et-du-rrq\/\"\n                        title=\"Comprendre le revenu moyen de la PSV et du RRQ\">Comprendre le revenu moyen de la PSV et du RRQ<\/a><\/h2><\/header><div class=\"eael-entry-content\">\n                        <div class=\"eael-grid-post-excerpt\"><p>Comprendre le revenu moyen de la PSV et du RRQ...<\/p><a href=\"https:\/\/sageplanfinance.ca\/fr\/comprendre-le-revenu-moyen-de-la-psv-et-du-rrq\/\" class=\"eael-post-elements-readmore-btn\">Read More<\/a><\/div>\n                    <\/div><\/div><\/div>\n        <\/div>\n    <\/article><article class=\"eael-grid-post eael-post-grid-column eael-pg-post-3096 category-assurance-placements-planification-de-la-retraite-planification-financiere-planification-successorale\" data-id=\"3096\">\n        <div class=\"eael-grid-post-holder\">\n            <div class=\"eael-grid-post-holder-inner\"><div class=\"eael-entry-wrapper\"><header class=\"eael-entry-header\"><h2 class=\"eael-entry-title\"><a\n                        class=\"eael-grid-post-link\"\n                        href=\"https:\/\/sageplanfinance.ca\/fr\/la-puissance-des-reunions-familiales-proactives\/\"\n                        title=\"La puissance des r\u00e9unions familiales proactives\">La puissance des r\u00e9unions familiales proactives<\/a><\/h2><\/header><div class=\"eael-entry-content\">\n                        <div class=\"eael-grid-post-excerpt\"><p>La puissance des r\u00e9unions familiales proactives Les familles se r\u00e9unissent...<\/p><a href=\"https:\/\/sageplanfinance.ca\/fr\/la-puissance-des-reunions-familiales-proactives\/\" class=\"eael-post-elements-readmore-btn\">Read More<\/a><\/div>\n                    <\/div><\/div><\/div>\n        <\/div>\n    <\/article><article class=\"eael-grid-post eael-post-grid-column eael-pg-post-3091 category-planification-fiscale\" data-id=\"3091\">\n        <div class=\"eael-grid-post-holder\">\n            <div class=\"eael-grid-post-holder-inner\"><div class=\"eael-entry-wrapper\"><header class=\"eael-entry-header\"><h2 class=\"eael-entry-title\"><a\n                        class=\"eael-grid-post-link\"\n                        href=\"https:\/\/sageplanfinance.ca\/fr\/date-limite-du-21-juillet-de-nouvelles-negociations-commerciales-peuvent-elles-alleger-le-fardeau-des-tarifs-pour-le-quebec\/\"\n                        title=\"Date limite du 21 juillet : De nouvelles n\u00e9gociations commerciales peuvent-elles all\u00e9ger le fardeau des tarifs pour le Qu\u00e9bec ?\">Date limite du 21 juillet : De nouvelles n\u00e9gociations commerciales peuvent-elles all\u00e9ger le fardeau des tarifs pour le Qu\u00e9bec ?<\/a><\/h2><\/header><div class=\"eael-entry-content\">\n                        <div class=\"eael-grid-post-excerpt\"><p>Date limite du 21 juillet : De nouvelles n\u00e9gociations commerciales...<\/p><a href=\"https:\/\/sageplanfinance.ca\/fr\/date-limite-du-21-juillet-de-nouvelles-negociations-commerciales-peuvent-elles-alleger-le-fardeau-des-tarifs-pour-le-quebec\/\" class=\"eael-post-elements-readmore-btn\">Read More<\/a><\/div>\n                    <\/div><\/div><\/div>\n        <\/div>\n    <\/article><\/div>\n            <div class=\"clearfix\"><\/div>\n        <\/div>            <div class=\"eael-load-more-button-wrap eael-force-hide\">\n                <button class=\"eael-load-more-button\" id=\"eael-load-more-btn-60d22a7\" data-widget-id=\"60d22a7\" data-widget=\"60d22a7\" data-page-id=\"4310\" data-template=\"{&quot;dir&quot;:&quot;lite&quot;,&quot;file_name&quot;:&quot;default.php&quot;,&quot;name&quot;:&quot;Post-Grid&quot;}\" data-class=\"Essential_Addons_Elementor\\Elements\\Post_Grid\" data-layout=\"grid\" data-page=\"1\" data-args=\"orderby=date&amp;order=desc&amp;ignore_sticky_posts=1&amp;post_status=publish&amp;posts_per_page=4&amp;offset=0&amp;post_type=post\" data-max-page=\"2\">\n                    <span class=\"eael-btn-loader button__loader\"><\/span>\n                    <span class=\"eael_load_more_text\">Load More<\/span>\n                <\/button>\n            <\/div>\n            \t\t\t\t<\/div>\n\t\t\t\t<\/div>\n\t\t\t\t\t<\/div>\n\t\t\t\t<\/div>\n\t\t<div class=\"elementor-element elementor-element-2b031f0 e-flex e-con-boxed e-con e-parent\" data-id=\"2b031f0\" data-element_type=\"container\" data-e-type=\"container\" data-settings=\"{&quot;background_background&quot;:&quot;classic&quot;}\">\n\t\t\t\t\t<div class=\"e-con-inner\">\n\t\t\t\t<div class=\"elementor-element elementor-element-eb4d477 elementor-widget elementor-widget-elementskit-heading\" data-id=\"eb4d477\" data-element_type=\"widget\" data-e-type=\"widget\" data-widget_type=\"elementskit-heading.default\">\n\t\t\t\t<div class=\"elementor-widget-container\">\n\t\t\t\t\t<div class=\"ekit-wid-con\" ><div class=\"ekit-heading elementskit-section-title-wraper text_left   ekit_heading_tablet-   ekit_heading_mobile-\"><h2 class=\"ekit-heading--title elementskit-section-title \">R\u00e9servez une consultation GRATUITE<\/h2>\t\t\t\t<div class='ekit-heading__description'>\n\t\t\t\t\t<p>Ayons une conversation conviviale, sans obligation, pour comprendre vos objectifs et voir comment Sageplan peut vous accompagner.<\/p>\n\t\t\t\t<\/div>\n\t\t\t<\/div><\/div>\t\t\t\t<\/div>\n\t\t\t\t<\/div>\n\t\t\t\t<div class=\"elementor-element elementor-element-463a710 elementor-align-right elementor-align--mobilecenter elementor-align--tabletleft elementor-widget elementor-widget-elementskit-button\" data-id=\"463a710\" data-element_type=\"widget\" data-e-type=\"widget\" data-widget_type=\"elementskit-button.default\">\n\t\t\t\t<div class=\"elementor-widget-container\">\n\t\t\t\t\t<div class=\"ekit-wid-con\" >\t\t<div class=\"ekit-btn-wraper\">\n\t\t\t\t\t\t\t<a href=\"https:\/\/sageplanfinance.ca\/fr\/contactez-nous\/\" class=\"elementskit-btn  whitespace--normal\" id=\"\">\n\t\t\t\t\tR\u00e9servez une consultation GRATUITE\t\t\t\t<\/a>\n\t\t\t\t\t<\/div>\n        <\/div>\t\t\t\t<\/div>\n\t\t\t\t<\/div>\n\t\t\t\t\t<\/div>\n\t\t\t\t<\/div>\n\t\t\t\t<\/div>\n\t\t","protected":false},"excerpt":{"rendered":"<p>Actualit\u00e9s &amp; Articles Cr\u00e9er un plan financier : un guide \u00e9tape par \u00e9tape pour s\u00e9curiser votre avenir Cr\u00e9er un plan financier : Un guide \u00e9tape par \u00e9tape&#8230; Read More Comprendre le revenu moyen de la PSV et du RRQ Comprendre le revenu moyen de la PSV et du RRQ&#8230; Read More La puissance des r\u00e9unions [&hellip;]<\/p>\n","protected":false},"author":2,"featured_media":0,"parent":0,"menu_order":0,"comment_status":"closed","ping_status":"closed","template":"","meta":{"nf_dc_page":"","_monsterinsights_skip_tracking":false,"_monsterinsights_sitenote_active":false,"_monsterinsights_sitenote_note":"","_monsterinsights_sitenote_category":0,"footnotes":""},"class_list":["post-4310","page","type-page","status-publish","hentry"],"yoast_head":"<!-- This site is optimized with the Yoast SEO plugin v27.2 - https:\/\/yoast.com\/product\/yoast-seo-wordpress\/ -->\n<title>L\u2019article - sageplanfinance.ca\/fr<\/title>\n<meta name=\"description\" content=\"D\u00e9couvrez Sageplan Finance et Rami Sayah, planificateur financier ind\u00e9pendant certifi\u00e9 au Qu\u00e9bec. Des strat\u00e9gies claires et objectives pour la retraite, la fiscalit\u00e9 et la gestion de patrimoine.\" \/>\n<meta name=\"robots\" content=\"index, follow, max-snippet:-1, max-image-preview:large, max-video-preview:-1\" \/>\n<link rel=\"canonical\" href=\"https:\/\/sageplanfinance.ca\/fr\/larticle\/\" \/>\n<meta property=\"og:locale\" content=\"en_US\" \/>\n<meta property=\"og:type\" content=\"article\" \/>\n<meta property=\"og:title\" content=\"Sageplan Finance \u2013 \u00c0 propos de notre planificateur financier ind\u00e9pendant au Qu\u00e9bec\" \/>\n<meta property=\"og:description\" content=\"D\u00e9couvrez l\u2019histoire de Sageplan Finance. Fond\u00e9e par Rami Sayah, CFP, nous offrons une planification financi\u00e8re ind\u00e9pendante et ax\u00e9e sur le client au Qu\u00e9bec \u2014 retraite, fiscalit\u00e9, assurance et plus encore.\" \/>\n<meta property=\"og:url\" content=\"https:\/\/sageplanfinance.ca\/fr\/larticle\/\" \/>\n<meta property=\"og:site_name\" content=\"sageplanfinance.ca\/fr\" \/>\n<meta property=\"article:publisher\" content=\"https:\/\/www.facebook.com\/securefutur\" \/>\n<meta property=\"article:modified_time\" content=\"2025-11-14T13:48:06+00:00\" \/>\n<meta property=\"og:image\" content=\"https:\/\/sageplanfinance.ca\/fr\/wp-content\/uploads\/2024\/04\/author-ynxeddmy.jpg\" \/>\n\t<meta property=\"og:image:width\" content=\"1600\" \/>\n\t<meta property=\"og:image:height\" content=\"2400\" \/>\n\t<meta property=\"og:image:type\" content=\"image\/jpeg\" \/>\n<meta name=\"twitter:card\" content=\"summary_large_image\" \/>\n<meta name=\"twitter:label1\" content=\"Est. reading time\" \/>\n\t<meta name=\"twitter:data1\" content=\"1 minute\" \/>\n<script type=\"application\/ld+json\" class=\"yoast-schema-graph\">{\"@context\":\"https:\/\/schema.org\",\"@graph\":[{\"@type\":\"WebPage\",\"@id\":\"https:\/\/sageplanfinance.ca\/fr\/larticle\/\",\"url\":\"https:\/\/sageplanfinance.ca\/fr\/larticle\/\",\"name\":\"L\u2019article - sageplanfinance.ca\/fr\",\"isPartOf\":{\"@id\":\"https:\/\/sageplanfinance.ca\/fr\/#website\"},\"datePublished\":\"2025-11-14T13:43:40+00:00\",\"dateModified\":\"2025-11-14T13:48:06+00:00\",\"description\":\"D\u00e9couvrez Sageplan Finance et Rami Sayah, planificateur financier ind\u00e9pendant certifi\u00e9 au Qu\u00e9bec. Des strat\u00e9gies claires et objectives pour la retraite, la fiscalit\u00e9 et la gestion de patrimoine.\",\"breadcrumb\":{\"@id\":\"https:\/\/sageplanfinance.ca\/fr\/larticle\/#breadcrumb\"},\"inLanguage\":\"en-CA\",\"potentialAction\":[{\"@type\":\"ReadAction\",\"target\":[\"https:\/\/sageplanfinance.ca\/fr\/larticle\/\"]}]},{\"@type\":\"BreadcrumbList\",\"@id\":\"https:\/\/sageplanfinance.ca\/fr\/larticle\/#breadcrumb\",\"itemListElement\":[{\"@type\":\"ListItem\",\"position\":1,\"name\":\"Home\",\"item\":\"https:\/\/sageplanfinance.ca\/fr\/\"},{\"@type\":\"ListItem\",\"position\":2,\"name\":\"L\u2019article\"}]},{\"@type\":\"WebSite\",\"@id\":\"https:\/\/sageplanfinance.ca\/fr\/#website\",\"url\":\"https:\/\/sageplanfinance.ca\/fr\/\",\"name\":\"sageplanfinance.ca\/fr\",\"description\":\"financial planning, coaching, insurance and investment\",\"publisher\":{\"@id\":\"https:\/\/sageplanfinance.ca\/fr\/#organization\"},\"potentialAction\":[{\"@type\":\"SearchAction\",\"target\":{\"@type\":\"EntryPoint\",\"urlTemplate\":\"https:\/\/sageplanfinance.ca\/fr\/?s={search_term_string}\"},\"query-input\":{\"@type\":\"PropertyValueSpecification\",\"valueRequired\":true,\"valueName\":\"search_term_string\"}}],\"inLanguage\":\"en-CA\"},{\"@type\":\"Organization\",\"@id\":\"https:\/\/sageplanfinance.ca\/fr\/#organization\",\"name\":\"Sageplan Finance\",\"url\":\"https:\/\/sageplanfinance.ca\/fr\/\",\"logo\":{\"@type\":\"ImageObject\",\"inLanguage\":\"en-CA\",\"@id\":\"https:\/\/sageplanfinance.ca\/fr\/#\/schema\/logo\/image\/\",\"url\":\"https:\/\/sageplanfinance.ca\/wp-content\/uploads\/2024\/08\/logo5-3-e1753197687431.jpg\",\"contentUrl\":\"https:\/\/sageplanfinance.ca\/wp-content\/uploads\/2024\/08\/logo5-3-e1753197687431.jpg\",\"width\":181,\"height\":155,\"caption\":\"Sageplan Finance\"},\"image\":{\"@id\":\"https:\/\/sageplanfinance.ca\/fr\/#\/schema\/logo\/image\/\"},\"sameAs\":[\"https:\/\/www.facebook.com\/securefutur\"]}]}<\/script>\n<!-- \/ Yoast SEO plugin. -->","yoast_head_json":{"title":"L\u2019article - sageplanfinance.ca\/fr","description":"D\u00e9couvrez Sageplan Finance et Rami Sayah, planificateur financier ind\u00e9pendant certifi\u00e9 au Qu\u00e9bec. Des strat\u00e9gies claires et objectives pour la retraite, la fiscalit\u00e9 et la gestion de patrimoine.","robots":{"index":"index","follow":"follow","max-snippet":"max-snippet:-1","max-image-preview":"max-image-preview:large","max-video-preview":"max-video-preview:-1"},"canonical":"https:\/\/sageplanfinance.ca\/fr\/larticle\/","og_locale":"en_US","og_type":"article","og_title":"Sageplan Finance \u2013 \u00c0 propos de notre planificateur financier ind\u00e9pendant au Qu\u00e9bec","og_description":"D\u00e9couvrez l\u2019histoire de Sageplan Finance. Fond\u00e9e par Rami Sayah, CFP, nous offrons une planification financi\u00e8re ind\u00e9pendante et ax\u00e9e sur le client au Qu\u00e9bec \u2014 retraite, fiscalit\u00e9, assurance et plus encore.","og_url":"https:\/\/sageplanfinance.ca\/fr\/larticle\/","og_site_name":"sageplanfinance.ca\/fr","article_publisher":"https:\/\/www.facebook.com\/securefutur","article_modified_time":"2025-11-14T13:48:06+00:00","og_image":[{"width":1600,"height":2400,"url":"https:\/\/sageplanfinance.ca\/fr\/wp-content\/uploads\/2024\/04\/author-ynxeddmy.jpg","type":"image\/jpeg"}],"twitter_card":"summary_large_image","twitter_misc":{"Est. reading time":"1 minute"},"schema":{"@context":"https:\/\/schema.org","@graph":[{"@type":"WebPage","@id":"https:\/\/sageplanfinance.ca\/fr\/larticle\/","url":"https:\/\/sageplanfinance.ca\/fr\/larticle\/","name":"L\u2019article - sageplanfinance.ca\/fr","isPartOf":{"@id":"https:\/\/sageplanfinance.ca\/fr\/#website"},"datePublished":"2025-11-14T13:43:40+00:00","dateModified":"2025-11-14T13:48:06+00:00","description":"D\u00e9couvrez Sageplan Finance et Rami Sayah, planificateur financier ind\u00e9pendant certifi\u00e9 au Qu\u00e9bec. Des strat\u00e9gies claires et objectives pour la retraite, la fiscalit\u00e9 et la gestion de patrimoine.","breadcrumb":{"@id":"https:\/\/sageplanfinance.ca\/fr\/larticle\/#breadcrumb"},"inLanguage":"en-CA","potentialAction":[{"@type":"ReadAction","target":["https:\/\/sageplanfinance.ca\/fr\/larticle\/"]}]},{"@type":"BreadcrumbList","@id":"https:\/\/sageplanfinance.ca\/fr\/larticle\/#breadcrumb","itemListElement":[{"@type":"ListItem","position":1,"name":"Home","item":"https:\/\/sageplanfinance.ca\/fr\/"},{"@type":"ListItem","position":2,"name":"L\u2019article"}]},{"@type":"WebSite","@id":"https:\/\/sageplanfinance.ca\/fr\/#website","url":"https:\/\/sageplanfinance.ca\/fr\/","name":"sageplanfinance.ca\/fr","description":"financial planning, coaching, insurance and investment","publisher":{"@id":"https:\/\/sageplanfinance.ca\/fr\/#organization"},"potentialAction":[{"@type":"SearchAction","target":{"@type":"EntryPoint","urlTemplate":"https:\/\/sageplanfinance.ca\/fr\/?s={search_term_string}"},"query-input":{"@type":"PropertyValueSpecification","valueRequired":true,"valueName":"search_term_string"}}],"inLanguage":"en-CA"},{"@type":"Organization","@id":"https:\/\/sageplanfinance.ca\/fr\/#organization","name":"Sageplan Finance","url":"https:\/\/sageplanfinance.ca\/fr\/","logo":{"@type":"ImageObject","inLanguage":"en-CA","@id":"https:\/\/sageplanfinance.ca\/fr\/#\/schema\/logo\/image\/","url":"https:\/\/sageplanfinance.ca\/wp-content\/uploads\/2024\/08\/logo5-3-e1753197687431.jpg","contentUrl":"https:\/\/sageplanfinance.ca\/wp-content\/uploads\/2024\/08\/logo5-3-e1753197687431.jpg","width":181,"height":155,"caption":"Sageplan Finance"},"image":{"@id":"https:\/\/sageplanfinance.ca\/fr\/#\/schema\/logo\/image\/"},"sameAs":["https:\/\/www.facebook.com\/securefutur"]}]}},"_links":{"self":[{"href":"https:\/\/sageplanfinance.ca\/fr\/wp-json\/wp\/v2\/pages\/4310","targetHints":{"allow":["GET"]}}],"collection":[{"href":"https:\/\/sageplanfinance.ca\/fr\/wp-json\/wp\/v2\/pages"}],"about":[{"href":"https:\/\/sageplanfinance.ca\/fr\/wp-json\/wp\/v2\/types\/page"}],"author":[{"embeddable":true,"href":"https:\/\/sageplanfinance.ca\/fr\/wp-json\/wp\/v2\/users\/2"}],"replies":[{"embeddable":true,"href":"https:\/\/sageplanfinance.ca\/fr\/wp-json\/wp\/v2\/comments?post=4310"}],"version-history":[{"count":10,"href":"https:\/\/sageplanfinance.ca\/fr\/wp-json\/wp\/v2\/pages\/4310\/revisions"}],"predecessor-version":[{"id":4321,"href":"https:\/\/sageplanfinance.ca\/fr\/wp-json\/wp\/v2\/pages\/4310\/revisions\/4321"}],"wp:attachment":[{"href":"https:\/\/sageplanfinance.ca\/fr\/wp-json\/wp\/v2\/media?parent=4310"}],"curies":[{"name":"wp","href":"https:\/\/api.w.org\/{rel}","templated":true}]}}