{"id":3792,"date":"2025-09-13T20:05:32","date_gmt":"2025-09-14T00:05:32","guid":{"rendered":"https:\/\/sageplanfinance.ca\/fr\/?page_id=3792"},"modified":"2025-09-13T20:09:18","modified_gmt":"2025-09-14T00:09:18","slug":"politique-de-confidentialite","status":"publish","type":"page","link":"https:\/\/sageplanfinance.ca\/fr\/politique-de-confidentialite\/","title":{"rendered":"Politique de confidentialit\u00e9"},"content":{"rendered":"\t\t<div data-elementor-type=\"wp-page\" data-elementor-id=\"3792\" class=\"elementor elementor-3792\">\n\t\t\t\t<div class=\"elementor-element elementor-element-329cf45 e-con-full e-flex e-con e-parent\" data-id=\"329cf45\" data-element_type=\"container\" data-e-type=\"container\" data-settings=\"{&quot;background_background&quot;:&quot;classic&quot;}\">\n\t\t\t\t<div class=\"elementor-element elementor-element-ba69942 elementor-widget elementor-widget-heading\" data-id=\"ba69942\" data-element_type=\"widget\" data-e-type=\"widget\" data-widget_type=\"heading.default\">\n\t\t\t\t<div class=\"elementor-widget-container\">\n\t\t\t\t\t<h2 class=\"elementor-heading-title elementor-size-default\">Politique de confidentialit\u00e9<\/h2>\t\t\t\t<\/div>\n\t\t\t\t<\/div>\n\t\t\t\t<\/div>\n\t\t<div class=\"elementor-element elementor-element-c068dc4 e-flex e-con-boxed e-con e-parent\" data-id=\"c068dc4\" data-element_type=\"container\" data-e-type=\"container\" data-settings=\"{&quot;background_background&quot;:&quot;classic&quot;}\">\n\t\t\t\t\t<div class=\"e-con-inner\">\n\t\t\t\t<div class=\"elementor-element elementor-element-e2d73b9 elementor-widget elementor-widget-elementskit-heading\" data-id=\"e2d73b9\" data-element_type=\"widget\" data-e-type=\"widget\" data-widget_type=\"elementskit-heading.default\">\n\t\t\t\t<div class=\"elementor-widget-container\">\n\t\t\t\t\t<div class=\"ekit-wid-con\" ><div class=\"ekit-heading elementskit-section-title-wraper text_center   ekit_heading_tablet-   ekit_heading_mobile-\">\t\t\t\t<div class='ekit-heading__description'>\n\t\t\t\t\t<p>La protection des renseignements personnels fait partie int\u00e9grante des activit\u00e9s de Sageplan Finance (\u00ab l'entreprise \u00bb). La protection des renseignements personnels est importante pour nous, et cette politique d\u00e9crit comment nous recueillons et g\u00e9rons les renseignements personnels afin de prot\u00e9ger la vie priv\u00e9e de nos clients, entrepreneurs et employ\u00e9s.<\/p>\n<p><strong>Qu'est-ce que les renseignements personnels ?<\/strong> Les \u00ab renseignements personnels \u00bb d\u00e9signent toute information factuelle ou subjective concernant une personne identifiable. Des renseignements personnels peuvent \u00eatre recueillis sur diverses personnes avec lesquelles notre entreprise fait affaire.<\/p>\n<p>Les renseignements personnels peuvent \u00eatre recueillis sous diverses formes, notamment par \u00e9crit (comme la correspondance et les m\u00e9morandums), ainsi que par des communications et documents \u00e9lectroniques, des enregistrements vid\u00e9o ou audio, et des photographies.<\/p>\n<p>Des exemples de renseignements personnels incluent des informations concernant le nom, l'\u00e2ge, le sexe, la sant\u00e9, les caract\u00e9ristiques personnelles, ou la situation personnelle et financi\u00e8re d'une personne. Les renseignements personnels peuvent aussi inclure des num\u00e9ros d'identification (tels que le NAS ou les num\u00e9ros d'employ\u00e9), des informations bancaires et de revenus, des dossiers d'emploi, des dossiers de cr\u00e9dit et des informations m\u00e9dicales.<\/p>\n<p>Les renseignements personnels n'incluent pas le nom, le titre, l'adresse professionnelle, le num\u00e9ro de t\u00e9l\u00e9phone ou l'adresse courriel des employ\u00e9s d'une organisation.<\/p>\n<p>Chez Sageplan Finance, nous respectons la Loi sur la protection des renseignements personnels et les documents \u00e9lectroniques (Canada) (LPRPDE), une loi f\u00e9d\u00e9rale sur la protection de la vie priv\u00e9e.<\/p>\n<p><strong>Responsabilit\u00e9<\/strong> \u2013 Mon entreprise est responsable des renseignements personnels que je re\u00e7ois de mes clients, et je respecte les principes de la LPRPDE concernant la protection de ces informations dans les documents papier et \u00e9lectroniques. Mes employ\u00e9s, le cas \u00e9ch\u00e9ant, comprennent \u00e9galement et respectent ces r\u00e8gles.<\/p>\n<p><strong>Objectifs de la collecte et limites de la collecte, de l\u2019utilisation, de la divulgation et de la r\u00e9tention des informations<\/strong> \u2013 Les renseignements personnels, les informations commerciales, les informations financi\u00e8res et les informations connexes sont recueillis et conserv\u00e9s uniquement dans le but de fournir des conseils et de garantir que les produits ou services que vous achetez par mon interm\u00e9diaire vous sont fournis rapidement et correctement. Afin d'obtenir des produits pour vous, je dois divulguer vos renseignements personnels \u00e0 des assureurs par le biais de soci\u00e9t\u00e9s de courtage. Je ne recueille et ne conserve que les informations qui m'aident \u00e0 formuler des conseils, y compris les renseignements personnels, financiers et de sant\u00e9.<\/p>\n<p><strong>Consentement<\/strong> \u2013 En raison de la nature de mon travail, mon personnel et moi devons recueillir et conserver beaucoup de renseignements personnels sur mes clients, y compris des donn\u00e9es de sant\u00e9, des donn\u00e9es financi\u00e8res et des informations de v\u00e9rification d'identit\u00e9. J'utilise ces informations pour comprendre vos besoins financiers et proposer des solutions \u00e0 vos \u00e9ventuels probl\u00e8mes. En devenant mon client et en signant ce formulaire, vous acceptez de me fournir ces informations et de me permettre de les divulguer aux entreprises aupr\u00e8s desquelles vous choisissez d'acheter des produits financiers, ainsi qu'aux soci\u00e9t\u00e9s de courtage interm\u00e9diaires concern\u00e9es. Vous m'autorisez \u00e0 conserver vos informations sous format papier ou \u00e9lectronique aussi longtemps que vous souhaitez que je sois votre conseiller, ou aussi longtemps qu'il est l\u00e9galement ou commercialement n\u00e9cessaire de les conserver. Vous m'autorisez \u00e9galement \u00e0 divulguer vos informations aux fournisseurs de logiciels de gestion de la relation client et aux fournisseurs de logiciels d'analyse financi\u00e8re, uniquement dans le but de g\u00e9rer, d'organiser et d'analyser vos donn\u00e9es afin de vous fournir un meilleur service et de meilleures solutions. Si je devais prendre ma retraite, d\u00e9c\u00e9der ou \u00eatre dans l'incapacit\u00e9 d'exercer mes fonctions, vous m'autorisez \u00e0 transf\u00e9rer vos informations \u00e0 un autre agent ou \u00e0 une autre agence pour continuer \u00e0 r\u00e9pondre \u00e0 vos besoins. Cependant, vous auriez le droit de choisir un autre agent si vous le souhaitez.<\/p>\n<p><strong>Exactitude des informations<\/strong> \u2013 J'ai besoin d'obtenir des informations exactes pour formuler des recommandations appropri\u00e9es. Vous pouvez consulter les informations que je d\u00e9tiens \u00e0 votre sujet sur demande. Je peux \u00e9galement mettre \u00e0 jour ces informations r\u00e9guli\u00e8rement afin de m'assurer que mes recommandations sont bas\u00e9es sur des informations pr\u00e9cises.<\/p>\n<p><strong>Mesures de protection<\/strong> \u2013 Les informations \u00e9crites que je re\u00e7ois de vous sont conserv\u00e9es dans des classeurs s\u00e9curis\u00e9s ou des fichiers informatiques prot\u00e9g\u00e9s par mot de passe. Les fichiers informatiques stock\u00e9s hors site sont crypt\u00e9s ou verrouill\u00e9s. Les anciens fichiers jet\u00e9s sont d\u00e9chiquet\u00e9s ou compl\u00e8tement d\u00e9truits. Mon personnel comprend la nature sensible de ces informations et l'importance de les prot\u00e9ger.<\/p>\n<p><strong>Questions, pr\u00e9occupations et acc\u00e8s<\/strong> \u2013 Vous pouvez me contacter \u00e0 tout moment par t\u00e9l\u00e9phone, courriel ou courrier postal \u00e0 l'adresse indiqu\u00e9e sur cette page concernant les dossiers vous concernant qui sont en ma possession et pour demander des modifications. Vous pouvez consulter la LPRPDE en ligne \u00e0 l'adresse suivante : <a href=\"http:\/\/laws-lois.justice.gc.ca\/fra\/lois\/P-8.6\/TexteComplet.html\">http:\/\/laws-lois.justice.gc.ca\/fra\/lois\/P-8.6\/TexteComplet.html<\/a>. Si vous avez des plaintes concernant les proc\u00e9dures que j'utilise, j'enqu\u00eaterai et fournirai une r\u00e9ponse d\u00e8s que possible. Vous pouvez obtenir une copie compl\u00e8te de ma politique de confidentialit\u00e9 sur demande.<\/p>\n<p>The protection of personal information is an integral part of the activities of Sageplan Finance (\u201cthe company\u201d). Protecting personal information is important to us, and this policy describes how we collect and manage personal information in order to protect the privacy of our clients, contractors, and employees.<\/p>\n<p><strong>What is personal information?<\/strong><br \/>\u201cPersonal information\u201d means any factual or subjective information about an identifiable individual. Personal information may be collected about various people with whom our company does business.<\/p>\n<p>Personal information may be collected in various forms, including in writing (such as correspondence and memoranda), as well as through electronic communications and documents, video or audio recordings, and photographs.<\/p>\n<p>Examples of personal information include information about a person\u2019s name, age, sex, health, personal characteristics, or personal and financial situation. Personal information may also include identification numbers (such as SIN or employee numbers), banking and income information, employment records, credit records, and medical information.<\/p>\n<p>Personal information does not include the name, title, business address, telephone number, or email address of an organization\u2019s employees.<\/p>\n<p>At Sageplan Finance, we comply with the <strong>Personal Information Protection and Electronic Documents Act (PIPEDA)<\/strong>, a Canadian federal privacy law.<\/p>\n<p><strong>Accountability<\/strong> \u2013 My company is responsible for the personal information I receive from my clients, and I comply with the principles of PIPEDA regarding the protection of such information in both paper and electronic records. My employees, if any, also understand and comply with these rules.<\/p>\n<p><strong>Purpose of collection and limits on collection, use, disclosure, and retention of information<\/strong> \u2013 Personal information, business information, financial information, and related information are collected and retained only for the purpose of providing advice and ensuring that the products or services you purchase through me are delivered to you promptly and properly. In order to obtain products for you, I must disclose your personal information to insurers through brokerage firms. I only collect and keep information that helps me formulate advice, including personal, financial, and health information.<\/p>\n<p><strong>Consent<\/strong> \u2013 Because of the nature of my work, my staff and I must collect and retain a great deal of personal information about my clients, including health data, financial data, and identity verification information. I use this information to understand your financial needs and to suggest solutions to any potential problems. By becoming my client and signing this form, you agree to provide me with this information and to allow me to disclose it to the companies from which you choose to purchase financial products, as well as the relevant intermediary brokerage firms. You authorize me to retain your information in paper or electronic form for as long as you wish me to be your advisor, or for as long as it is legally or commercially necessary to keep it. You also authorize me to disclose your information to customer relationship management software providers and financial analysis software providers, solely for the purpose of managing, organizing, and analyzing your data in order to provide you with better service and solutions. If I should retire, die, or be unable to perform my duties, you authorize me to transfer your information to another agent or agency to continue meeting your needs. However, you would have the right to choose another agent if you wish.<\/p>\n<p><strong>Accuracy of information<\/strong> \u2013 I need accurate information in order to make appropriate recommendations. You may review the information I hold about you upon request. I may also update this information regularly to ensure my recommendations are based on accurate information.<\/p>\n<p><strong>Safeguards<\/strong> \u2013 Written information I receive from you is kept in secure filing cabinets or password-protected computer files. Computer files stored offsite are encrypted or locked. Old discarded files are shredded or completely destroyed. My staff understands the sensitive nature of this information and the importance of protecting it.<\/p>\n<p><strong>Questions, concerns, and access<\/strong> \u2013 You may contact me at any time by telephone, email, or postal mail at the address on this page regarding the records about you in my possession and to request changes. You may consult PIPEDA online at: <a class=\"decorated-link cursor-pointer\" target=\"_new\" rel=\"noopener\">http:\/\/laws-lois.justice.gc.ca\/eng\/acts\/P-8.6\/FullText.html<\/a>. If you have complaints about the procedures I use, I will investigate and respond as soon as possible. You can obtain a complete copy of my privacy policy upon request.<\/p>\n\t\t\t\t<\/div>\n\t\t\t<div class=\"ekit_heading_separetor_wraper ekit_heading_ekit_border_custom\"><div class=\"ekit_border_custom\"><img decoding=\"async\" width=\"150\" height=\"150\" src=\"https:\/\/sageplanfinance.ca\/fr\/wp-content\/uploads\/2025\/09\/Untitled-design-4-150x150.png\" class=\"attachment-thumbnail size-thumbnail wp-image-3798\" alt=\"\" srcset=\"https:\/\/sageplanfinance.ca\/fr\/wp-content\/uploads\/2025\/09\/Untitled-design-4-150x150.png 150w, https:\/\/sageplanfinance.ca\/fr\/wp-content\/uploads\/2025\/09\/Untitled-design-4-300x300.png 300w, https:\/\/sageplanfinance.ca\/fr\/wp-content\/uploads\/2025\/09\/Untitled-design-4.png 500w\" sizes=\"(max-width: 150px) 100vw, 150px\" \/><\/div><\/div><\/div><\/div>\t\t\t\t<\/div>\n\t\t\t\t<\/div>\n\t\t\t\t\t<\/div>\n\t\t\t\t<\/div>\n\t\t\t\t<\/div>\n\t\t","protected":false},"excerpt":{"rendered":"<p>Politique de confidentialit\u00e9 La protection des renseignements personnels fait partie int\u00e9grante des activit\u00e9s de Sageplan Finance (\u00ab l&#8217;entreprise \u00bb). La protection des renseignements personnels est importante pour nous, et cette politique d\u00e9crit comment nous recueillons et g\u00e9rons les renseignements personnels afin de prot\u00e9ger la vie priv\u00e9e de nos clients, entrepreneurs et employ\u00e9s. Qu&#8217;est-ce que les [&hellip;]<\/p>\n","protected":false},"author":2,"featured_media":0,"parent":0,"menu_order":0,"comment_status":"closed","ping_status":"closed","template":"","meta":{"nf_dc_page":"","_monsterinsights_skip_tracking":false,"_monsterinsights_sitenote_active":false,"_monsterinsights_sitenote_note":"","_monsterinsights_sitenote_category":0,"footnotes":""},"class_list":["post-3792","page","type-page","status-publish","hentry"],"yoast_head":"<!-- This site is optimized with the Yoast SEO plugin v27.2 - https:\/\/yoast.com\/product\/yoast-seo-wordpress\/ -->\n<title>Politique de confidentialit\u00e9 - sageplanfinance.ca\/fr<\/title>\n<meta name=\"description\" content=\"D\u00e9couvrez Sageplan Finance et Rami Sayah, planificateur financier ind\u00e9pendant certifi\u00e9 au Qu\u00e9bec. Des strat\u00e9gies claires et objectives pour la retraite, la fiscalit\u00e9 et la gestion de patrimoine.\" \/>\n<meta name=\"robots\" content=\"index, follow, max-snippet:-1, max-image-preview:large, max-video-preview:-1\" \/>\n<link rel=\"canonical\" href=\"https:\/\/sageplanfinance.ca\/fr\/politique-de-confidentialite\/\" \/>\n<meta property=\"og:locale\" content=\"en_US\" \/>\n<meta property=\"og:type\" content=\"article\" \/>\n<meta property=\"og:title\" content=\"Sageplan Finance \u2013 \u00c0 propos de notre planificateur financier ind\u00e9pendant au Qu\u00e9bec\" \/>\n<meta property=\"og:description\" content=\"D\u00e9couvrez l\u2019histoire de Sageplan Finance. Fond\u00e9e par Rami Sayah, CFP, nous offrons une planification financi\u00e8re ind\u00e9pendante et ax\u00e9e sur le client au Qu\u00e9bec \u2014 retraite, fiscalit\u00e9, assurance et plus encore.\" \/>\n<meta property=\"og:url\" content=\"https:\/\/sageplanfinance.ca\/fr\/politique-de-confidentialite\/\" \/>\n<meta property=\"og:site_name\" content=\"sageplanfinance.ca\/fr\" \/>\n<meta property=\"article:publisher\" content=\"https:\/\/www.facebook.com\/securefutur\" \/>\n<meta property=\"article:modified_time\" content=\"2025-09-14T00:09:18+00:00\" \/>\n<meta property=\"og:image\" content=\"https:\/\/sageplanfinance.ca\/fr\/wp-content\/uploads\/2024\/04\/author-ynxeddmy.jpg\" \/>\n\t<meta property=\"og:image:width\" content=\"1600\" \/>\n\t<meta property=\"og:image:height\" content=\"2400\" \/>\n\t<meta property=\"og:image:type\" content=\"image\/jpeg\" \/>\n<meta name=\"twitter:card\" content=\"summary_large_image\" \/>\n<meta name=\"twitter:label1\" content=\"Est. reading time\" \/>\n\t<meta name=\"twitter:data1\" content=\"7 minutes\" \/>\n<script type=\"application\/ld+json\" class=\"yoast-schema-graph\">{\"@context\":\"https:\/\/schema.org\",\"@graph\":[{\"@type\":\"WebPage\",\"@id\":\"https:\/\/sageplanfinance.ca\/fr\/politique-de-confidentialite\/\",\"url\":\"https:\/\/sageplanfinance.ca\/fr\/politique-de-confidentialite\/\",\"name\":\"Politique de confidentialit\u00e9 - sageplanfinance.ca\/fr\",\"isPartOf\":{\"@id\":\"https:\/\/sageplanfinance.ca\/fr\/#website\"},\"primaryImageOfPage\":{\"@id\":\"https:\/\/sageplanfinance.ca\/fr\/politique-de-confidentialite\/#primaryimage\"},\"image\":{\"@id\":\"https:\/\/sageplanfinance.ca\/fr\/politique-de-confidentialite\/#primaryimage\"},\"thumbnailUrl\":\"https:\/\/sageplanfinance.ca\/fr\/wp-content\/uploads\/2025\/09\/Untitled-design-4-150x150.png\",\"datePublished\":\"2025-09-14T00:05:32+00:00\",\"dateModified\":\"2025-09-14T00:09:18+00:00\",\"description\":\"D\u00e9couvrez Sageplan Finance et Rami Sayah, planificateur financier ind\u00e9pendant certifi\u00e9 au Qu\u00e9bec. Des strat\u00e9gies claires et objectives pour la retraite, la fiscalit\u00e9 et la gestion de patrimoine.\",\"breadcrumb\":{\"@id\":\"https:\/\/sageplanfinance.ca\/fr\/politique-de-confidentialite\/#breadcrumb\"},\"inLanguage\":\"en-CA\",\"potentialAction\":[{\"@type\":\"ReadAction\",\"target\":[\"https:\/\/sageplanfinance.ca\/fr\/politique-de-confidentialite\/\"]}]},{\"@type\":\"ImageObject\",\"inLanguage\":\"en-CA\",\"@id\":\"https:\/\/sageplanfinance.ca\/fr\/politique-de-confidentialite\/#primaryimage\",\"url\":\"https:\/\/sageplanfinance.ca\/fr\/wp-content\/uploads\/2025\/09\/Untitled-design-4.png\",\"contentUrl\":\"https:\/\/sageplanfinance.ca\/fr\/wp-content\/uploads\/2025\/09\/Untitled-design-4.png\",\"width\":500,\"height\":500},{\"@type\":\"BreadcrumbList\",\"@id\":\"https:\/\/sageplanfinance.ca\/fr\/politique-de-confidentialite\/#breadcrumb\",\"itemListElement\":[{\"@type\":\"ListItem\",\"position\":1,\"name\":\"Home\",\"item\":\"https:\/\/sageplanfinance.ca\/fr\/\"},{\"@type\":\"ListItem\",\"position\":2,\"name\":\"Politique de confidentialit\u00e9\"}]},{\"@type\":\"WebSite\",\"@id\":\"https:\/\/sageplanfinance.ca\/fr\/#website\",\"url\":\"https:\/\/sageplanfinance.ca\/fr\/\",\"name\":\"sageplanfinance.ca\/fr\",\"description\":\"financial planning, coaching, insurance and investment\",\"publisher\":{\"@id\":\"https:\/\/sageplanfinance.ca\/fr\/#organization\"},\"potentialAction\":[{\"@type\":\"SearchAction\",\"target\":{\"@type\":\"EntryPoint\",\"urlTemplate\":\"https:\/\/sageplanfinance.ca\/fr\/?s={search_term_string}\"},\"query-input\":{\"@type\":\"PropertyValueSpecification\",\"valueRequired\":true,\"valueName\":\"search_term_string\"}}],\"inLanguage\":\"en-CA\"},{\"@type\":\"Organization\",\"@id\":\"https:\/\/sageplanfinance.ca\/fr\/#organization\",\"name\":\"Sageplan Finance\",\"url\":\"https:\/\/sageplanfinance.ca\/fr\/\",\"logo\":{\"@type\":\"ImageObject\",\"inLanguage\":\"en-CA\",\"@id\":\"https:\/\/sageplanfinance.ca\/fr\/#\/schema\/logo\/image\/\",\"url\":\"https:\/\/sageplanfinance.ca\/wp-content\/uploads\/2024\/08\/logo5-3-e1753197687431.jpg\",\"contentUrl\":\"https:\/\/sageplanfinance.ca\/wp-content\/uploads\/2024\/08\/logo5-3-e1753197687431.jpg\",\"width\":181,\"height\":155,\"caption\":\"Sageplan Finance\"},\"image\":{\"@id\":\"https:\/\/sageplanfinance.ca\/fr\/#\/schema\/logo\/image\/\"},\"sameAs\":[\"https:\/\/www.facebook.com\/securefutur\"]}]}<\/script>\n<!-- \/ Yoast SEO plugin. -->","yoast_head_json":{"title":"Politique de confidentialit\u00e9 - sageplanfinance.ca\/fr","description":"D\u00e9couvrez Sageplan Finance et Rami Sayah, planificateur financier ind\u00e9pendant certifi\u00e9 au Qu\u00e9bec. Des strat\u00e9gies claires et objectives pour la retraite, la fiscalit\u00e9 et la gestion de patrimoine.","robots":{"index":"index","follow":"follow","max-snippet":"max-snippet:-1","max-image-preview":"max-image-preview:large","max-video-preview":"max-video-preview:-1"},"canonical":"https:\/\/sageplanfinance.ca\/fr\/politique-de-confidentialite\/","og_locale":"en_US","og_type":"article","og_title":"Sageplan Finance \u2013 \u00c0 propos de notre planificateur financier ind\u00e9pendant au Qu\u00e9bec","og_description":"D\u00e9couvrez l\u2019histoire de Sageplan Finance. Fond\u00e9e par Rami Sayah, CFP, nous offrons une planification financi\u00e8re ind\u00e9pendante et ax\u00e9e sur le client au Qu\u00e9bec \u2014 retraite, fiscalit\u00e9, assurance et plus encore.","og_url":"https:\/\/sageplanfinance.ca\/fr\/politique-de-confidentialite\/","og_site_name":"sageplanfinance.ca\/fr","article_publisher":"https:\/\/www.facebook.com\/securefutur","article_modified_time":"2025-09-14T00:09:18+00:00","og_image":[{"width":1600,"height":2400,"url":"https:\/\/sageplanfinance.ca\/fr\/wp-content\/uploads\/2024\/04\/author-ynxeddmy.jpg","type":"image\/jpeg"}],"twitter_card":"summary_large_image","twitter_misc":{"Est. reading time":"7 minutes"},"schema":{"@context":"https:\/\/schema.org","@graph":[{"@type":"WebPage","@id":"https:\/\/sageplanfinance.ca\/fr\/politique-de-confidentialite\/","url":"https:\/\/sageplanfinance.ca\/fr\/politique-de-confidentialite\/","name":"Politique de confidentialit\u00e9 - sageplanfinance.ca\/fr","isPartOf":{"@id":"https:\/\/sageplanfinance.ca\/fr\/#website"},"primaryImageOfPage":{"@id":"https:\/\/sageplanfinance.ca\/fr\/politique-de-confidentialite\/#primaryimage"},"image":{"@id":"https:\/\/sageplanfinance.ca\/fr\/politique-de-confidentialite\/#primaryimage"},"thumbnailUrl":"https:\/\/sageplanfinance.ca\/fr\/wp-content\/uploads\/2025\/09\/Untitled-design-4-150x150.png","datePublished":"2025-09-14T00:05:32+00:00","dateModified":"2025-09-14T00:09:18+00:00","description":"D\u00e9couvrez Sageplan Finance et Rami Sayah, planificateur financier ind\u00e9pendant certifi\u00e9 au Qu\u00e9bec. Des strat\u00e9gies claires et objectives pour la retraite, la fiscalit\u00e9 et la gestion de patrimoine.","breadcrumb":{"@id":"https:\/\/sageplanfinance.ca\/fr\/politique-de-confidentialite\/#breadcrumb"},"inLanguage":"en-CA","potentialAction":[{"@type":"ReadAction","target":["https:\/\/sageplanfinance.ca\/fr\/politique-de-confidentialite\/"]}]},{"@type":"ImageObject","inLanguage":"en-CA","@id":"https:\/\/sageplanfinance.ca\/fr\/politique-de-confidentialite\/#primaryimage","url":"https:\/\/sageplanfinance.ca\/fr\/wp-content\/uploads\/2025\/09\/Untitled-design-4.png","contentUrl":"https:\/\/sageplanfinance.ca\/fr\/wp-content\/uploads\/2025\/09\/Untitled-design-4.png","width":500,"height":500},{"@type":"BreadcrumbList","@id":"https:\/\/sageplanfinance.ca\/fr\/politique-de-confidentialite\/#breadcrumb","itemListElement":[{"@type":"ListItem","position":1,"name":"Home","item":"https:\/\/sageplanfinance.ca\/fr\/"},{"@type":"ListItem","position":2,"name":"Politique de confidentialit\u00e9"}]},{"@type":"WebSite","@id":"https:\/\/sageplanfinance.ca\/fr\/#website","url":"https:\/\/sageplanfinance.ca\/fr\/","name":"sageplanfinance.ca\/fr","description":"financial planning, coaching, insurance and investment","publisher":{"@id":"https:\/\/sageplanfinance.ca\/fr\/#organization"},"potentialAction":[{"@type":"SearchAction","target":{"@type":"EntryPoint","urlTemplate":"https:\/\/sageplanfinance.ca\/fr\/?s={search_term_string}"},"query-input":{"@type":"PropertyValueSpecification","valueRequired":true,"valueName":"search_term_string"}}],"inLanguage":"en-CA"},{"@type":"Organization","@id":"https:\/\/sageplanfinance.ca\/fr\/#organization","name":"Sageplan Finance","url":"https:\/\/sageplanfinance.ca\/fr\/","logo":{"@type":"ImageObject","inLanguage":"en-CA","@id":"https:\/\/sageplanfinance.ca\/fr\/#\/schema\/logo\/image\/","url":"https:\/\/sageplanfinance.ca\/wp-content\/uploads\/2024\/08\/logo5-3-e1753197687431.jpg","contentUrl":"https:\/\/sageplanfinance.ca\/wp-content\/uploads\/2024\/08\/logo5-3-e1753197687431.jpg","width":181,"height":155,"caption":"Sageplan Finance"},"image":{"@id":"https:\/\/sageplanfinance.ca\/fr\/#\/schema\/logo\/image\/"},"sameAs":["https:\/\/www.facebook.com\/securefutur"]}]}},"_links":{"self":[{"href":"https:\/\/sageplanfinance.ca\/fr\/wp-json\/wp\/v2\/pages\/3792","targetHints":{"allow":["GET"]}}],"collection":[{"href":"https:\/\/sageplanfinance.ca\/fr\/wp-json\/wp\/v2\/pages"}],"about":[{"href":"https:\/\/sageplanfinance.ca\/fr\/wp-json\/wp\/v2\/types\/page"}],"author":[{"embeddable":true,"href":"https:\/\/sageplanfinance.ca\/fr\/wp-json\/wp\/v2\/users\/2"}],"replies":[{"embeddable":true,"href":"https:\/\/sageplanfinance.ca\/fr\/wp-json\/wp\/v2\/comments?post=3792"}],"version-history":[{"count":10,"href":"https:\/\/sageplanfinance.ca\/fr\/wp-json\/wp\/v2\/pages\/3792\/revisions"}],"predecessor-version":[{"id":3804,"href":"https:\/\/sageplanfinance.ca\/fr\/wp-json\/wp\/v2\/pages\/3792\/revisions\/3804"}],"wp:attachment":[{"href":"https:\/\/sageplanfinance.ca\/fr\/wp-json\/wp\/v2\/media?parent=3792"}],"curies":[{"name":"wp","href":"https:\/\/api.w.org\/{rel}","templated":true}]}}